{"id":9,"date":"2020-08-05T16:55:00","date_gmt":"2020-08-05T15:55:00","guid":{"rendered":"https:\/\/jeuxlaurtho.wordpress.com\/?page_id=6"},"modified":"2023-03-03T08:08:16","modified_gmt":"2023-03-03T07:08:16","slug":"home","status":"publish","type":"page","link":"https:\/\/laurtho.fr\/","title":{"rendered":"Accueil"},"content":{"rendered":"\n<p><strong>Bienvenue sur ce blog, o\u00f9 vous trouverez des extensions \u00e0 t\u00e9l\u00e9charger pour les jeux <\/strong> <span style=\"color:#ef0baa;\" class=\"has-inline-color\"><strong>BIEN LU BIEN VU !<\/strong><\/span><strong> et <\/strong><span style=\"color:#f9051a;\" class=\"has-inline-color\"><strong>A VOS CARTES!<\/strong><\/span> ainsi que des pr\u00e9sentations des jeux <span class=\"has-inline-color has-luminous-vivid-amber-color\"><strong>LOIN d&#8217;ETRE BETES!<\/strong><\/span> et<strong> <span class=\"has-inline-color has-pale-cyan-blue-color\">AUTOUR DES MAGS<\/span><\/strong><\/p>\n\n\n\n<ol><li>1 <span class=\"has-inline-color has-black-color\">Des cartes-<\/span><span class=\"has-inline-color has-pale-pink-color\"><strong>textes simplifi\u00e9es<\/strong><\/span><span class=\"has-inline-color has-black-color\"> pour chaque th\u00e8me de<\/span><span class=\"has-inline-color has-pale-pink-color\"> <strong>BIEN LU BIEN VU !<\/strong><\/span><\/li><\/ol>\n\n\n\n<figure class=\"wp-block-image size-large\"><img loading=\"lazy\" width=\"1024\" height=\"1024\" src=\"http:\/\/laurtho.fr\/wp-content\/uploads\/2020\/12\/ajouts-pantalons-1024x1024.jpg\" alt=\"\" class=\"wp-image-479\" srcset=\"https:\/\/laurtho.fr\/wp-content\/uploads\/2020\/12\/ajouts-pantalons-1024x1024.jpg 1024w, https:\/\/laurtho.fr\/wp-content\/uploads\/2020\/12\/ajouts-pantalons-300x300.jpg 300w, https:\/\/laurtho.fr\/wp-content\/uploads\/2020\/12\/ajouts-pantalons-150x150.jpg 150w, https:\/\/laurtho.fr\/wp-content\/uploads\/2020\/12\/ajouts-pantalons-768x768.jpg 768w, https:\/\/laurtho.fr\/wp-content\/uploads\/2020\/12\/ajouts-pantalons-1536x1536.jpg 1536w, https:\/\/laurtho.fr\/wp-content\/uploads\/2020\/12\/ajouts-pantalons-2048x2048.jpg 2048w, https:\/\/laurtho.fr\/wp-content\/uploads\/2020\/12\/ajouts-pantalons-60x60.jpg 60w\" sizes=\"(max-width: 1024px) 100vw, 1024px\" \/><figcaption>1.2  <span class=\"has-inline-color has-black-color\">Des <\/span><span class=\"has-inline-color has-pale-pink-color\"><strong>photos ou photomontages<\/strong><\/span><span class=\"has-inline-color has-black-color\"> correspondant \u00e0 chaque carte des th\u00e8mes <\/span><strong>de <\/strong><span class=\"has-inline-color has-pale-pink-color\"><strong>BIEN LU BIEN VU<\/strong>!<\/span> <strong>: Fruits,  Poissons et Baleine, Quilles, Chat et Souris, Pantalons et Oiseaux<\/strong><\/figcaption><\/figure>\n\n\n\n<p>Exemples:<\/p>\n\n\n\n<figure class=\"wp-block-image size-large\"><img loading=\"lazy\" width=\"1024\" height=\"1024\" src=\"http:\/\/laurtho.fr\/wp-content\/uploads\/2021\/11\/fruits1-1024x1024.jpg\" alt=\"\" class=\"wp-image-978\" srcset=\"https:\/\/laurtho.fr\/wp-content\/uploads\/2021\/11\/fruits1-1024x1024.jpg 1024w, https:\/\/laurtho.fr\/wp-content\/uploads\/2021\/11\/fruits1-300x300.jpg 300w, https:\/\/laurtho.fr\/wp-content\/uploads\/2021\/11\/fruits1-150x150.jpg 150w, https:\/\/laurtho.fr\/wp-content\/uploads\/2021\/11\/fruits1-768x768.jpg 768w, https:\/\/laurtho.fr\/wp-content\/uploads\/2021\/11\/fruits1-60x60.jpg 60w, https:\/\/laurtho.fr\/wp-content\/uploads\/2021\/11\/fruits1.jpg 1140w\" sizes=\"(max-width: 1024px) 100vw, 1024px\" \/><figcaption>Created with GIMP<\/figcaption><\/figure>\n\n\n\n<figure class=\"wp-block-image size-large\"><img loading=\"lazy\" width=\"1024\" height=\"1024\" src=\"http:\/\/laurtho.fr\/wp-content\/uploads\/2022\/02\/poissons11-1024x1024.jpg\" alt=\"\" class=\"wp-image-1102\" srcset=\"https:\/\/laurtho.fr\/wp-content\/uploads\/2022\/02\/poissons11-1024x1024.jpg 1024w, https:\/\/laurtho.fr\/wp-content\/uploads\/2022\/02\/poissons11-300x300.jpg 300w, https:\/\/laurtho.fr\/wp-content\/uploads\/2022\/02\/poissons11-150x150.jpg 150w, https:\/\/laurtho.fr\/wp-content\/uploads\/2022\/02\/poissons11-768x768.jpg 768w, https:\/\/laurtho.fr\/wp-content\/uploads\/2022\/02\/poissons11-1536x1536.jpg 1536w, https:\/\/laurtho.fr\/wp-content\/uploads\/2022\/02\/poissons11-2048x2048.jpg 2048w, https:\/\/laurtho.fr\/wp-content\/uploads\/2022\/02\/poissons11-60x60.jpg 60w\" sizes=\"(max-width: 1024px) 100vw, 1024px\" \/><\/figure>\n\n\n\n<figure class=\"wp-block-image size-large\"><img loading=\"lazy\" width=\"1024\" height=\"1024\" src=\"http:\/\/laurtho.fr\/wp-content\/uploads\/2021\/11\/exemple-quilles-avec-cadre-1024x1024.jpg\" alt=\"\" class=\"wp-image-981\" srcset=\"https:\/\/laurtho.fr\/wp-content\/uploads\/2021\/11\/exemple-quilles-avec-cadre-1024x1024.jpg 1024w, https:\/\/laurtho.fr\/wp-content\/uploads\/2021\/11\/exemple-quilles-avec-cadre-300x300.jpg 300w, https:\/\/laurtho.fr\/wp-content\/uploads\/2021\/11\/exemple-quilles-avec-cadre-150x150.jpg 150w, https:\/\/laurtho.fr\/wp-content\/uploads\/2021\/11\/exemple-quilles-avec-cadre-768x768.jpg 768w, https:\/\/laurtho.fr\/wp-content\/uploads\/2021\/11\/exemple-quilles-avec-cadre-60x60.jpg 60w, https:\/\/laurtho.fr\/wp-content\/uploads\/2021\/11\/exemple-quilles-avec-cadre.jpg 1094w\" sizes=\"(max-width: 1024px) 100vw, 1024px\" \/><\/figure>\n\n\n\n<figure class=\"wp-block-image size-large\"><img loading=\"lazy\" width=\"1024\" height=\"1024\" src=\"http:\/\/laurtho.fr\/wp-content\/uploads\/2021\/04\/chat-souris9-1024x1024.jpg\" alt=\"\" class=\"wp-image-1292\" srcset=\"https:\/\/laurtho.fr\/wp-content\/uploads\/2021\/04\/chat-souris9-1024x1024.jpg 1024w, https:\/\/laurtho.fr\/wp-content\/uploads\/2021\/04\/chat-souris9-300x300.jpg 300w, https:\/\/laurtho.fr\/wp-content\/uploads\/2021\/04\/chat-souris9-150x150.jpg 150w, https:\/\/laurtho.fr\/wp-content\/uploads\/2021\/04\/chat-souris9-768x768.jpg 768w, https:\/\/laurtho.fr\/wp-content\/uploads\/2021\/04\/chat-souris9-1536x1536.jpg 1536w, https:\/\/laurtho.fr\/wp-content\/uploads\/2021\/04\/chat-souris9-2048x2048.jpg 2048w, https:\/\/laurtho.fr\/wp-content\/uploads\/2021\/04\/chat-souris9-60x60.jpg 60w\" sizes=\"(max-width: 1024px) 100vw, 1024px\" \/><figcaption>Created with GIMP<\/figcaption><\/figure>\n\n\n\n<figure class=\"wp-block-image size-large\"><img loading=\"lazy\" width=\"1024\" height=\"1024\" src=\"http:\/\/laurtho.fr\/wp-content\/uploads\/2021\/11\/pantagrand8-2-1024x1024.jpg\" alt=\"\" class=\"wp-image-1227\" srcset=\"https:\/\/laurtho.fr\/wp-content\/uploads\/2021\/11\/pantagrand8-2-1024x1024.jpg 1024w, https:\/\/laurtho.fr\/wp-content\/uploads\/2021\/11\/pantagrand8-2-300x300.jpg 300w, https:\/\/laurtho.fr\/wp-content\/uploads\/2021\/11\/pantagrand8-2-150x150.jpg 150w, https:\/\/laurtho.fr\/wp-content\/uploads\/2021\/11\/pantagrand8-2-768x768.jpg 768w, https:\/\/laurtho.fr\/wp-content\/uploads\/2021\/11\/pantagrand8-2-1536x1536.jpg 1536w, https:\/\/laurtho.fr\/wp-content\/uploads\/2021\/11\/pantagrand8-2-2048x2048.jpg 2048w, https:\/\/laurtho.fr\/wp-content\/uploads\/2021\/11\/pantagrand8-2-60x60.jpg 60w\" sizes=\"(max-width: 1024px) 100vw, 1024px\" \/><figcaption>Created with GIMP<\/figcaption><\/figure>\n\n\n\n<figure class=\"wp-block-image size-large\"><img loading=\"lazy\" width=\"1024\" height=\"1024\" src=\"http:\/\/laurtho.fr\/wp-content\/uploads\/2021\/11\/oiseauxgrand15-1024x1024.jpg\" alt=\"\" class=\"wp-image-954\" srcset=\"https:\/\/laurtho.fr\/wp-content\/uploads\/2021\/11\/oiseauxgrand15-1024x1024.jpg 1024w, https:\/\/laurtho.fr\/wp-content\/uploads\/2021\/11\/oiseauxgrand15-300x300.jpg 300w, https:\/\/laurtho.fr\/wp-content\/uploads\/2021\/11\/oiseauxgrand15-150x150.jpg 150w, https:\/\/laurtho.fr\/wp-content\/uploads\/2021\/11\/oiseauxgrand15-768x768.jpg 768w, https:\/\/laurtho.fr\/wp-content\/uploads\/2021\/11\/oiseauxgrand15-60x60.jpg 60w, https:\/\/laurtho.fr\/wp-content\/uploads\/2021\/11\/oiseauxgrand15.jpg 1094w\" sizes=\"(max-width: 1024px) 100vw, 1024px\" \/><\/figure>\n\n\n\n<p>1.3<span class=\"has-inline-color has-pale-pink-color\"><strong> Les \u00e9l\u00e9ments distincts<\/strong><\/span> constituant chaque th\u00e8me&#8230;.permettant de cr\u00e9er chaque sc\u00e8ne correspondant \u00e0 chaque texte:  <\/p>\n\n\n\n<p>Exemples:<\/p>\n\n\n\n<p><\/p>\n\n\n\n<figure class=\"wp-block-image size-large\"><img loading=\"lazy\" width=\"1024\" height=\"1024\" src=\"http:\/\/laurtho.fr\/wp-content\/uploads\/2022\/02\/tous-les-elements-1024x1024.jpg\" alt=\"\" class=\"wp-image-1083\" srcset=\"https:\/\/laurtho.fr\/wp-content\/uploads\/2022\/02\/tous-les-elements-1024x1024.jpg 1024w, https:\/\/laurtho.fr\/wp-content\/uploads\/2022\/02\/tous-les-elements-300x300.jpg 300w, https:\/\/laurtho.fr\/wp-content\/uploads\/2022\/02\/tous-les-elements-150x150.jpg 150w, https:\/\/laurtho.fr\/wp-content\/uploads\/2022\/02\/tous-les-elements-768x768.jpg 768w, https:\/\/laurtho.fr\/wp-content\/uploads\/2022\/02\/tous-les-elements-1536x1536.jpg 1536w, https:\/\/laurtho.fr\/wp-content\/uploads\/2022\/02\/tous-les-elements-2048x2048.jpg 2048w, https:\/\/laurtho.fr\/wp-content\/uploads\/2022\/02\/tous-les-elements-60x60.jpg 60w\" sizes=\"(max-width: 1024px) 100vw, 1024px\" \/><figcaption>Les \u00e9l\u00e9ments n\u00e9cessaires pour recr\u00e9er le th\u00e8me FRUITS:<\/figcaption><\/figure>\n\n\n\n<figure class=\"wp-block-image size-large\"><img loading=\"lazy\" width=\"1024\" height=\"686\" src=\"http:\/\/laurtho.fr\/wp-content\/uploads\/2022\/03\/reconstitution-visuelle-pantalons-1024x686.jpg\" alt=\"\" class=\"wp-image-1259\" srcset=\"https:\/\/laurtho.fr\/wp-content\/uploads\/2022\/03\/reconstitution-visuelle-pantalons-1024x686.jpg 1024w, https:\/\/laurtho.fr\/wp-content\/uploads\/2022\/03\/reconstitution-visuelle-pantalons-300x201.jpg 300w, https:\/\/laurtho.fr\/wp-content\/uploads\/2022\/03\/reconstitution-visuelle-pantalons-768x515.jpg 768w, https:\/\/laurtho.fr\/wp-content\/uploads\/2022\/03\/reconstitution-visuelle-pantalons-1536x1029.jpg 1536w, https:\/\/laurtho.fr\/wp-content\/uploads\/2022\/03\/reconstitution-visuelle-pantalons-2048x1372.jpg 2048w, https:\/\/laurtho.fr\/wp-content\/uploads\/2022\/03\/reconstitution-visuelle-pantalons-90x60.jpg 90w\" sizes=\"(max-width: 1024px) 100vw, 1024px\" \/><figcaption>reconstitution d&#8217;une sc\u00e8ne du th\u00e8me PANTALONS  (en partant de diff\u00e9rents types de cartes du jeu de base et de ce blog)<\/figcaption><\/figure>\n\n\n\n<p class=\"has-text-align-center\">2.1 <span class=\"has-inline-color has-black-color\">Des textes <\/span><span class=\"has-inline-color has-vivid-red-color\">r\u00e9ponses<\/span><span class=\"has-inline-color has-black-color\"> aux cartes postales &#8220;timbre vert&#8221; d&#8217; <\/span><span class=\"has-inline-color has-vivid-red-color\"><strong>A VOS CARTES !<\/strong><\/span><\/p>\n\n\n\n<p><\/p>\n\n\n\n<figure class=\"wp-block-image size-large\"><img loading=\"lazy\" width=\"1024\" height=\"1024\" src=\"http:\/\/laurtho.fr\/wp-content\/uploads\/2021\/11\/Espagne-reponse-verte-1-1024x1024.jpg\" alt=\"\" class=\"wp-image-999\" srcset=\"https:\/\/laurtho.fr\/wp-content\/uploads\/2021\/11\/Espagne-reponse-verte-1-1024x1024.jpg 1024w, https:\/\/laurtho.fr\/wp-content\/uploads\/2021\/11\/Espagne-reponse-verte-1-300x300.jpg 300w, https:\/\/laurtho.fr\/wp-content\/uploads\/2021\/11\/Espagne-reponse-verte-1-150x150.jpg 150w, https:\/\/laurtho.fr\/wp-content\/uploads\/2021\/11\/Espagne-reponse-verte-1-768x768.jpg 768w, https:\/\/laurtho.fr\/wp-content\/uploads\/2021\/11\/Espagne-reponse-verte-1-60x60.jpg 60w, https:\/\/laurtho.fr\/wp-content\/uploads\/2021\/11\/Espagne-reponse-verte-1.jpg 1094w\" sizes=\"(max-width: 1024px) 100vw, 1024px\" \/><figcaption><br><span class=\"has-inline-color has-black-color\"><strong>Un <\/strong><\/span><span class=\"has-inline-color has-vivid-red-color\"><strong>questionnaire<\/strong><\/span><span class=\"has-inline-color has-black-color\"><strong> pour chacun des textes &#8220;r\u00e9ponses&#8221; pr\u00e9c\u00e9dents<\/strong><\/span><\/figcaption><\/figure>\n\n\n\n<figure class=\"wp-block-image size-large\"><img loading=\"lazy\" width=\"800\" height=\"1024\" src=\"http:\/\/laurtho.fr\/wp-content\/uploads\/2021\/11\/exemple-questionnaire-2-800x1024.jpg\" alt=\"\" class=\"wp-image-1000\" srcset=\"https:\/\/laurtho.fr\/wp-content\/uploads\/2021\/11\/exemple-questionnaire-2-800x1024.jpg 800w, https:\/\/laurtho.fr\/wp-content\/uploads\/2021\/11\/exemple-questionnaire-2-234x300.jpg 234w, https:\/\/laurtho.fr\/wp-content\/uploads\/2021\/11\/exemple-questionnaire-2-768x983.jpg 768w, https:\/\/laurtho.fr\/wp-content\/uploads\/2021\/11\/exemple-questionnaire-2-47x60.jpg 47w, https:\/\/laurtho.fr\/wp-content\/uploads\/2021\/11\/exemple-questionnaire-2.jpg 1094w\" sizes=\"(max-width: 800px) 100vw, 800px\" \/><\/figure>\n\n\n\n<p>         2.2 <span class=\"has-inline-color has-vivid-red-color\">des rectos-photos  <\/span>mis en page &#8220;fa\u00e7on carte postale&#8221;, pour correspondre aux nouveaux textes<\/p>\n\n\n\n<figure class=\"wp-block-image size-large\"><img loading=\"lazy\" width=\"1024\" height=\"696\" src=\"http:\/\/laurtho.fr\/wp-content\/uploads\/2021\/11\/exemple-carte-postale-avec-cadre-1-1024x696.jpg\" alt=\"\" class=\"wp-image-1001\" srcset=\"https:\/\/laurtho.fr\/wp-content\/uploads\/2021\/11\/exemple-carte-postale-avec-cadre-1-1024x696.jpg 1024w, https:\/\/laurtho.fr\/wp-content\/uploads\/2021\/11\/exemple-carte-postale-avec-cadre-1-300x204.jpg 300w, https:\/\/laurtho.fr\/wp-content\/uploads\/2021\/11\/exemple-carte-postale-avec-cadre-1-768x522.jpg 768w, https:\/\/laurtho.fr\/wp-content\/uploads\/2021\/11\/exemple-carte-postale-avec-cadre-1-88x60.jpg 88w, https:\/\/laurtho.fr\/wp-content\/uploads\/2021\/11\/exemple-carte-postale-avec-cadre-1.jpg 1094w\" sizes=\"(max-width: 1024px) 100vw, 1024px\" \/><\/figure>\n\n\n\n<p>2.3 D<strong>es <span class=\"has-inline-color has-vivid-red-color\">\u00e9tiquettes-noms de lieux<\/span> correspondant \u00e0 chaque carte-postale (pour le jeu de base et pour les cartes-extensions)<\/strong> +<strong> des<span class=\"has-inline-color has-vivid-red-color\"> \u00e9tiquettes-noms de lieux correspondant \u00e0 chaque photo<\/span> de chaque carte postale    <\/strong><\/p>\n\n\n\n<p>3 Une pr\u00e9sentation du jeu<span class=\"has-inline-color has-luminous-vivid-amber-color\"> LOIN d&#8217;ETRE BETES! <\/span>\u00e9dit\u00e9 chez Mot \u00e0 Mot<\/p>\n\n\n\n<figure class=\"wp-block-image size-large\"><img loading=\"lazy\" width=\"1024\" height=\"1024\" src=\"http:\/\/laurtho.fr\/wp-content\/uploads\/2021\/11\/20211114_164218-1024x1024.jpg\" alt=\"\" class=\"wp-image-1056\" srcset=\"https:\/\/laurtho.fr\/wp-content\/uploads\/2021\/11\/20211114_164218-1024x1024.jpg 1024w, https:\/\/laurtho.fr\/wp-content\/uploads\/2021\/11\/20211114_164218-300x300.jpg 300w, https:\/\/laurtho.fr\/wp-content\/uploads\/2021\/11\/20211114_164218-150x150.jpg 150w, https:\/\/laurtho.fr\/wp-content\/uploads\/2021\/11\/20211114_164218-768x768.jpg 768w, https:\/\/laurtho.fr\/wp-content\/uploads\/2021\/11\/20211114_164218-1536x1536.jpg 1536w, https:\/\/laurtho.fr\/wp-content\/uploads\/2021\/11\/20211114_164218-2048x2048.jpg 2048w, https:\/\/laurtho.fr\/wp-content\/uploads\/2021\/11\/20211114_164218-60x60.jpg 60w\" sizes=\"(max-width: 1024px) 100vw, 1024px\" \/><\/figure>\n\n\n\n<p>4)  Une pr\u00e9sentation du jeu<span class=\"has-inline-color has-pale-cyan-blue-color\"> AUTOUR DES MAGS, <\/span>\u00e9dit\u00e9 chez Ortho et Logo<\/p>\n\n\n\n<figure class=\"wp-block-image size-large\"><img loading=\"lazy\" width=\"834\" height=\"1024\" src=\"http:\/\/laurtho.fr\/wp-content\/uploads\/2023\/02\/classeur-834x1024.jpg\" alt=\"\" class=\"wp-image-1321\" srcset=\"https:\/\/laurtho.fr\/wp-content\/uploads\/2023\/02\/classeur-834x1024.jpg 834w, https:\/\/laurtho.fr\/wp-content\/uploads\/2023\/02\/classeur-244x300.jpg 244w, https:\/\/laurtho.fr\/wp-content\/uploads\/2023\/02\/classeur-768x943.jpg 768w, https:\/\/laurtho.fr\/wp-content\/uploads\/2023\/02\/classeur-1252x1536.jpg 1252w, https:\/\/laurtho.fr\/wp-content\/uploads\/2023\/02\/classeur-1669x2048.jpg 1669w, https:\/\/laurtho.fr\/wp-content\/uploads\/2023\/02\/classeur-49x60.jpg 49w\" sizes=\"(max-width: 834px) 100vw, 834px\" \/><\/figure>\n","protected":false},"excerpt":{"rendered":"<p>Bienvenue sur ce blog, o\u00f9 vous trouverez des extensions \u00e0 t\u00e9l\u00e9charger pour les jeux BIEN LU BIEN VU ! et A VOS CARTES! ainsi que des pr\u00e9sentations des jeux LOIN d&#8217;ETRE BETES! et AUTOUR DES MAGS 1 Des cartes-textes simplifi\u00e9es pour chaque th\u00e8me de BIEN LU BIEN VU ! Exemples: 1.3 Les \u00e9l\u00e9ments distincts constituant chaque th\u00e8me&#8230;.permettant de cr\u00e9er chaque &hellip; <\/p>\n","protected":false},"author":1,"featured_media":0,"parent":0,"menu_order":1,"comment_status":"closed","ping_status":"closed","template":"","meta":[],"_links":{"self":[{"href":"https:\/\/laurtho.fr\/index.php?rest_route=\/wp\/v2\/pages\/9"}],"collection":[{"href":"https:\/\/laurtho.fr\/index.php?rest_route=\/wp\/v2\/pages"}],"about":[{"href":"https:\/\/laurtho.fr\/index.php?rest_route=\/wp\/v2\/types\/page"}],"author":[{"embeddable":true,"href":"https:\/\/laurtho.fr\/index.php?rest_route=\/wp\/v2\/users\/1"}],"replies":[{"embeddable":true,"href":"https:\/\/laurtho.fr\/index.php?rest_route=%2Fwp%2Fv2%2Fcomments&post=9"}],"version-history":[{"count":35,"href":"https:\/\/laurtho.fr\/index.php?rest_route=\/wp\/v2\/pages\/9\/revisions"}],"predecessor-version":[{"id":1347,"href":"https:\/\/laurtho.fr\/index.php?rest_route=\/wp\/v2\/pages\/9\/revisions\/1347"}],"wp:attachment":[{"href":"https:\/\/laurtho.fr\/index.php?rest_route=%2Fwp%2Fv2%2Fmedia&parent=9"}],"curies":[{"name":"wp","href":"https:\/\/api.w.org\/{rel}","templated":true}]}}