{"id":1014,"date":"2021-11-26T09:14:29","date_gmt":"2021-11-26T08:14:29","guid":{"rendered":"http:\/\/laurtho.fr\/?page_id=1014"},"modified":"2021-12-05T18:04:32","modified_gmt":"2021-12-05T17:04:32","slug":"loin-detre-betes","status":"publish","type":"page","link":"https:\/\/laurtho.fr\/?page_id=1014","title":{"rendered":"Loin d&#8217;\u00eatre b\u00eates!"},"content":{"rendered":"\n<p>Voici une pr\u00e9sentation de ce mat\u00e9riel, \u00e9dit\u00e9 par<span class=\"has-inline-color has-vivid-green-cyan-color\"><strong> Mot \u00e0 Mot<\/strong><\/span>.<\/p>\n\n\n\n<figure class=\"wp-block-image size-large\"><img loading=\"lazy\" width=\"1024\" height=\"566\" src=\"http:\/\/laurtho.fr\/wp-content\/uploads\/2021\/11\/boiteregle-du-jeu-1024x566.jpg\" alt=\"\" class=\"wp-image-1016\" srcset=\"https:\/\/laurtho.fr\/wp-content\/uploads\/2021\/11\/boiteregle-du-jeu-1024x566.jpg 1024w, https:\/\/laurtho.fr\/wp-content\/uploads\/2021\/11\/boiteregle-du-jeu-300x166.jpg 300w, https:\/\/laurtho.fr\/wp-content\/uploads\/2021\/11\/boiteregle-du-jeu-768x425.jpg 768w, https:\/\/laurtho.fr\/wp-content\/uploads\/2021\/11\/boiteregle-du-jeu-1536x849.jpg 1536w, https:\/\/laurtho.fr\/wp-content\/uploads\/2021\/11\/boiteregle-du-jeu-2048x1133.jpg 2048w, https:\/\/laurtho.fr\/wp-content\/uploads\/2021\/11\/boiteregle-du-jeu-108x60.jpg 108w\" sizes=\"(max-width: 1024px) 100vw, 1024px\" \/><\/figure>\n\n\n\n<p><\/p>\n\n\n\n<p>La bo\u00eete de jeu contient: <\/p>\n\n\n\n<ul><li>1<span class=\"has-inline-color has-black-color\">)<strong> une r\u00e8gle du jeu <\/strong><\/span>(avec 8 variantes principales)<\/li><li><span class=\"has-inline-color has-vivid-cyan-blue-color\"><strong>2) deux d\u00e9s \u00e0 6 faces<\/strong>:<\/span><span class=\"has-inline-color has-pale-cyan-blue-color\"> <\/span>l&#8217;un avec les 6 animaux, l&#8217;autre avec les 6 couleurs, pour les options &#8220;combinaison&#8221;<\/li><li><strong><span class=\"has-inline-color has-vivid-red-color\">3) 5 lots de 36 cartes<\/span><\/strong><span class=\"has-inline-color has-vivid-purple-color\">,<\/span> soit 180 cartes en tout, \u00e0 trier. Les 36 cartes se constituent d&#8217;une d\u00e9clinaison de 6 animaux x 6 couleurs (chat, chien, mouton, cheval, lapin, poule\/ bleu, vert, rouge, jaune, orange, violet)<\/li><li><strong><span class=\"has-inline-color has-vivid-green-cyan-color\">4) des jetons de correction<\/span><\/strong> pour la variante Devin (pour amener le joueur \u00e0 am\u00e9liorer ses propositions jusqu&#8217;\u00e0 r\u00e9solution du probl\u00e8me).<\/li><\/ul>\n\n\n\n<p>Le livret d\u00e9crit les 8 variantes de jeu suivantes:<\/p>\n\n\n\n<ul id=\"block-d145eb66-ef56-4220-9aa2-afcaa4b316da\"><li>Jeu de combinaison<\/li><li>Jeu de combi&#8217;memo<\/li><li>Tri et classification<\/li><li>Intrus<\/li><li>Cr\u00e9ation et compl\u00e9tion d&#8217;algorithmes<\/li><li>Pr\u00e9diction<\/li><li>Jeu du Devin<\/li><li>Memory de paires ou plus<\/li><\/ul>\n\n\n\n<p>Voici une vid\u00e9o, de pr\u00e9sentation, r\u00e9alis\u00e9e par l&#8217;\u00e9diteur:<\/p>\n\n\n\n<figure class=\"wp-block-embed is-type-video is-provider-youtube wp-block-embed-youtube wp-embed-aspect-16-9 wp-has-aspect-ratio\"><div class=\"wp-block-embed__wrapper\">\n<iframe loading=\"lazy\" title=\"Loin d&#039;\u00eatre b\u00eates ! - Mot \u00e0 Mot\" width=\"848\" height=\"477\" src=\"https:\/\/www.youtube.com\/embed\/XdKFFrSI2Jg?feature=oembed\" frameborder=\"0\" allow=\"accelerometer; autoplay; clipboard-write; encrypted-media; gyroscope; picture-in-picture\" allowfullscreen><\/iframe>\n<\/div><\/figure>\n\n\n\n<p>Et une deuxi\u00e8me vid\u00e9o&#8230;beaucoup plus artisanale:<\/p>\n\n\n\n<figure class=\"wp-block-embed is-type-video is-provider-youtube wp-block-embed-youtube wp-embed-aspect-16-9 wp-has-aspect-ratio\"><div class=\"wp-block-embed__wrapper\">\n<iframe loading=\"lazy\" title=\"Pr\u00e9sentation Loin d&#039;\u00eatre b\u00eates\" width=\"848\" height=\"477\" src=\"https:\/\/www.youtube.com\/embed\/-AxRC9TJLMU?feature=oembed\" frameborder=\"0\" allow=\"accelerometer; autoplay; clipboard-write; encrypted-media; gyroscope; picture-in-picture\" allowfullscreen><\/iframe>\n<\/div><\/figure>\n\n\n\n<p><\/p>\n\n\n\n<p>Ce mat\u00e9riel pr\u00e9sente l&#8217;avantage d&#8217;\u00eatre ouvert \u00e0 d&#8217;autres usages \u00e9ventuels (jeu de familles, tableau \u00e0 double-entr\u00e9e ou autres, selon votre inspiration!).<\/p>\n","protected":false},"excerpt":{"rendered":"<p>Voici une pr\u00e9sentation de ce mat\u00e9riel, \u00e9dit\u00e9 par Mot \u00e0 Mot. La bo\u00eete de jeu contient: 1) une r\u00e8gle du jeu (avec 8 variantes principales) 2) deux d\u00e9s \u00e0 6 faces: l&#8217;un avec les 6 animaux, l&#8217;autre avec les 6 couleurs, pour les options &#8220;combinaison&#8221; 3) 5 lots de 36 cartes, soit 180 cartes en tout, \u00e0 trier. Les 36 &hellip; <\/p>\n","protected":false},"author":1,"featured_media":0,"parent":0,"menu_order":0,"comment_status":"closed","ping_status":"closed","template":"","meta":[],"_links":{"self":[{"href":"https:\/\/laurtho.fr\/index.php?rest_route=\/wp\/v2\/pages\/1014"}],"collection":[{"href":"https:\/\/laurtho.fr\/index.php?rest_route=\/wp\/v2\/pages"}],"about":[{"href":"https:\/\/laurtho.fr\/index.php?rest_route=\/wp\/v2\/types\/page"}],"author":[{"embeddable":true,"href":"https:\/\/laurtho.fr\/index.php?rest_route=\/wp\/v2\/users\/1"}],"replies":[{"embeddable":true,"href":"https:\/\/laurtho.fr\/index.php?rest_route=%2Fwp%2Fv2%2Fcomments&post=1014"}],"version-history":[{"count":16,"href":"https:\/\/laurtho.fr\/index.php?rest_route=\/wp\/v2\/pages\/1014\/revisions"}],"predecessor-version":[{"id":1069,"href":"https:\/\/laurtho.fr\/index.php?rest_route=\/wp\/v2\/pages\/1014\/revisions\/1069"}],"wp:attachment":[{"href":"https:\/\/laurtho.fr\/index.php?rest_route=%2Fwp%2Fv2%2Fmedia&parent=1014"}],"curies":[{"name":"wp","href":"https:\/\/api.w.org\/{rel}","templated":true}]}}